{"id":2,"date":"2014-07-30T13:39:58","date_gmt":"2014-07-30T12:39:58","guid":{"rendered":"https:\/\/remuernotremerde.poivron.org\/?page_id=2"},"modified":"2016-11-22T16:58:57","modified_gmt":"2016-11-22T15:58:57","slug":"page-d-exemple","status":"publish","type":"page","link":"https:\/\/remuernotremerde.poivron.org\/?page_id=2","title":{"rendered":"Pr\u00e9sentation"},"content":{"rendered":"<p>Salut,<\/p>\n<p style=\"margin-bottom: 0cm; text-align: justify;\">Nous sommes des personnes assign\u00e9es &laquo;&nbsp;homme&nbsp;&raquo; \u00e0 la naissance et \u00e9duqu\u00e9s et socialis\u00e9s comme hommes et oppresseurs, <span style=\"font-weight: normal;\">plus ou moins conscients de profiter et de participer \u00e0 la soci\u00e9t\u00e9 patriarcale.<\/span><\/p>\n<p style=\"margin-bottom: 0cm; font-weight: normal; text-align: justify;\">On a envie de r\u00e9fl\u00e9chir et d&rsquo;agir sur les questions de genre et contre notre\/le sexisme et notre\/l&rsquo; h\u00e9t\u00e9rosexisme.<\/p>\n<p style=\"margin-bottom: 0cm; font-weight: normal; text-align: justify;\">En l&rsquo;absence de bases bibliographiques ou historiques sp\u00e9cifiquement d\u00e9di\u00e9es aux rapports entre hommes et patriarcat on s&rsquo;est plusieurs fois retrouv\u00e9 \u00e0 recommencer \u00e0 z\u00e9ro des r\u00e9flexions que d&rsquo;autres personnes avaient d\u00e9j\u00e0 eu. On devait donc passer pas mal de temps \u00e0 fouiller les infokiosques et internet pour trouver les infos sur ce qui s&rsquo;\u00e9tait d\u00e9j\u00e0 fait.<\/p>\n<p style=\"margin-bottom: 0cm; font-weight: normal; text-align: justify;\">On a d\u00e9cid\u00e9 de cr\u00e9er ce site pour aider d&rsquo;autres &laquo;&nbsp;hommes&nbsp;&raquo; \u00e0 se poser ces questions, faciliter l&rsquo;acc\u00e8s \u00e0 des brochures, des articles, des bouquins&#8230;<\/p>\n<p style=\"margin-bottom: 0cm; font-weight: normal; text-align: justify;\">Tous les documents que vous y trouverez sont gratuits, m\u00eame si nous n&rsquo;avons pas l\u00e9galement le droit de les rendre tous disponibles. Il nous semble plus important de permettre le partage et la diffusion de ceux-ci que de se soucier des droits d&rsquo;auteur.e.<\/p>\n<p style=\"margin-bottom: 0cm; font-weight: normal; text-align: justify;\">C&rsquo;est nous qui choisissons de publier les textes, ou pas.<\/p>\n<p style=\"margin-bottom: 0cm; font-weight: normal; text-align: justify;\">On met en ligne des textes r\u00e9cup\u00e9r\u00e9s \u00e0 droite \u00e0 gauche et si vous en avez d&rsquo;autres \u00e0 nous proposer, \u00e9crivez-nous\u00a0!<\/p>\n<p style=\"margin-bottom: 0cm; font-weight: normal; text-align: justify;\">On est pas forc\u00e9ment d&rsquo;accord avec tout ce qui est publi\u00e9 sur le site. On pense simplement que tous les textes publi\u00e9s apportent des t\u00e9moignages ou des analyses int\u00e9ressantes. Par contre, on ne publiera jamais de textes parlant des rapports entre hommes et patriarcat qu&rsquo;on jugera r\u00e9actionnaire (masculinistes, groupes mytho-po\u00e9tiques, etc.).<\/p>\n<p style=\"margin-bottom: 0cm; font-weight: normal; text-align: justify;\">On est donc responsables de tout ce qui s&rsquo;y trouve. On prend le risque de faire des erreurs.<\/p>\n<p style=\"margin-bottom: 0cm; font-weight: normal; text-align: justify;\">Du coup, si vous avez des critiques, surtout \u00e9crivez-nous \u00e0 remuernotremerde<span style=\"font-family: Times New Roman,serif;\">[a]poivron.org<\/span> !<\/p>\n<p style=\"margin-bottom: 0cm; font-weight: normal; text-align: justify;\">\u00c7a nous permettra de remettre en question nos choix.<\/p>\n","protected":false},"excerpt":{"rendered":"<p>Salut, Nous sommes des personnes assign\u00e9es &laquo;&nbsp;homme&nbsp;&raquo; \u00e0 la naissance et \u00e9duqu\u00e9s et socialis\u00e9s comme hommes et oppresseurs, plus ou moins conscients de profiter et de participer \u00e0 la soci\u00e9t\u00e9 patriarcale. On a envie de r\u00e9fl\u00e9chir et d&rsquo;agir sur les &hellip; <a href=\"https:\/\/remuernotremerde.poivron.org\/?page_id=2\">Continue reading <span class=\"meta-nav\">&rarr;<\/span><\/a><\/p>\n","protected":false},"author":1,"featured_media":0,"parent":0,"menu_order":0,"comment_status":"closed","ping_status":"closed","template":"","meta":{"footnotes":""},"class_list":["post-2","page","type-page","status-publish","hentry"],"_links":{"self":[{"href":"https:\/\/remuernotremerde.poivron.org\/index.php?rest_route=\/wp\/v2\/pages\/2","targetHints":{"allow":["GET"]}}],"collection":[{"href":"https:\/\/remuernotremerde.poivron.org\/index.php?rest_route=\/wp\/v2\/pages"}],"about":[{"href":"https:\/\/remuernotremerde.poivron.org\/index.php?rest_route=\/wp\/v2\/types\/page"}],"author":[{"embeddable":true,"href":"https:\/\/remuernotremerde.poivron.org\/index.php?rest_route=\/wp\/v2\/users\/1"}],"replies":[{"embeddable":true,"href":"https:\/\/remuernotremerde.poivron.org\/index.php?rest_route=%2Fwp%2Fv2%2Fcomments&post=2"}],"version-history":[{"count":8,"href":"https:\/\/remuernotremerde.poivron.org\/index.php?rest_route=\/wp\/v2\/pages\/2\/revisions"}],"predecessor-version":[{"id":1593,"href":"https:\/\/remuernotremerde.poivron.org\/index.php?rest_route=\/wp\/v2\/pages\/2\/revisions\/1593"}],"wp:attachment":[{"href":"https:\/\/remuernotremerde.poivron.org\/index.php?rest_route=%2Fwp%2Fv2%2Fmedia&parent=2"}],"curies":[{"name":"wp","href":"https:\/\/api.w.org\/{rel}","templated":true}]}}