{"id":1752,"date":"2018-01-14T15:02:07","date_gmt":"2018-01-14T14:02:07","guid":{"rendered":"https:\/\/remuernotremerde.poivron.org\/?page_id=1752"},"modified":"2020-09-29T19:00:53","modified_gmt":"2020-09-29T18:00:53","slug":"classiques-a-lire","status":"publish","type":"page","link":"https:\/\/remuernotremerde.poivron.org\/?page_id=1752","title":{"rendered":"Classiques \u00e0 lire"},"content":{"rendered":"<p style=\"text-align: justify;\">Lire des brochures c&rsquo;est bien. Mais en plus c&rsquo;est aussi tr\u00e8s important de savoir d&rsquo;o\u00f9 viennent la majorit\u00e9 des id\u00e9es qui sont d\u00e9velopp\u00e9es dans les textes propos\u00e9s sur ce site. Alors pour se faire un baguage th\u00e9orique sur le f\u00e9minisme, son histoire, les constructions de genre et de sexualit\u00e9, comprendre les bases de fonctionnement du patriarcat, et comment il alimente et s&rsquo;alimente d&rsquo;autres formes d&rsquo;oppression, le plus urgent est de lire les classiques. On a fait avec l&rsquo;aide de copines f\u00e9ministes une petite liste des textes qui nous ont le plus marqu\u00e9s:<\/p>\n<p><strong><a href=\"https:\/\/remuernotremerde.poivron.org\/uploads\/2020\/09\/declaration-droits.jpeg\"><img loading=\"lazy\" decoding=\"async\" class=\"alignleft wp-image-2974 size-full\" src=\"https:\/\/remuernotremerde.poivron.org\/uploads\/2020\/09\/declaration-droits-e1601289360554.jpeg\" alt=\"\" width=\"150\" height=\"239\" \/><\/a>D\u00e9claration des droits de la femme et de la citoyenne<\/strong><\/p>\n<p>Olympe de Gouges &#8211; 1792.<\/p>\n<p>&nbsp;<\/p>\n<p>&nbsp;<\/p>\n<p>&nbsp;<br \/>\n&nbsp;<\/p>\n<p><strong><a href=\"https:\/\/remuernotremerde.poivron.org\/uploads\/2020\/09\/defense-wollstoncraft.gif\"><img loading=\"lazy\" decoding=\"async\" class=\"alignleft wp-image-2976 size-full\" src=\"https:\/\/remuernotremerde.poivron.org\/uploads\/2020\/09\/defense-wollstoncraft-e1601289384517.gif\" alt=\"\" width=\"150\" height=\"247\" \/><\/a>D\u00e9fense des droits des femmes<\/strong><\/p>\n<p>Mary Wollstoncraft \u2013 1792<\/p>\n<p>&nbsp;<\/p>\n<p>&nbsp;<\/p>\n<p>&nbsp;<\/p>\n<p>&nbsp;<\/p>\n<p><strong><a href=\"https:\/\/remuernotremerde.poivron.org\/uploads\/2020\/09\/Une-chambre-a-soi-1.jpg\"><img loading=\"lazy\" decoding=\"async\" class=\"alignleft wp-image-3066 size-full\" src=\"https:\/\/remuernotremerde.poivron.org\/uploads\/2020\/09\/Une-chambre-a-soi-1-e1601401700242.jpg\" alt=\"\" width=\"150\" height=\"228\" \/><\/a>Une chambre \u00e0 soi<\/strong><\/p>\n<p>Virginia Woolf &#8211; 1929<\/p>\n<p>&nbsp;<\/p>\n<p>&nbsp;<\/p>\n<p>&nbsp;<br \/>\n&nbsp;<\/p>\n<p><strong><a href=\"https:\/\/remuernotremerde.poivron.org\/uploads\/2020\/09\/Le_deuxi\u00e8me_sexe-e1601289524884.jpg\"><img loading=\"lazy\" decoding=\"async\" class=\"alignleft wp-image-2978 size-full\" src=\"https:\/\/remuernotremerde.poivron.org\/uploads\/2020\/09\/Le_deuxi\u00e8me_sexe-e1601289524884.jpg\" alt=\"\" width=\"150\" height=\"215\" \/><\/a>Le deuxi\u00e8me sexe<\/strong><\/p>\n<p>Simone de Beauvoir &#8211; 1953<\/p>\n<p>&nbsp;<\/p>\n<p>&nbsp;<\/p>\n<p>&nbsp;<br \/>\n&nbsp;<\/p>\n<p><strong><a href=\"https:\/\/remuernotremerde.poivron.org\/uploads\/2020\/09\/La_femme_mystifiee-e1601289642644.jpg\"><img loading=\"lazy\" decoding=\"async\" class=\"alignleft wp-image-2979 size-full\" src=\"https:\/\/remuernotremerde.poivron.org\/uploads\/2020\/09\/La_femme_mystifiee-e1601289642644.jpg\" alt=\"\" width=\"150\" height=\"241\" \/><\/a>La femme mystifi\u00e9e<\/strong><\/p>\n<p>Betty Friedan &#8211; 1963<\/p>\n<p>&nbsp;<\/p>\n<p>&nbsp;<\/p>\n<p>&nbsp;<br \/>\n&nbsp;<\/p>\n<p><strong><a href=\"https:\/\/remuernotremerde.poivron.org\/uploads\/2020\/09\/scum-e1601290071225.jpg\"><img loading=\"lazy\" decoding=\"async\" class=\"alignleft wp-image-2980 size-full\" src=\"https:\/\/remuernotremerde.poivron.org\/uploads\/2020\/09\/scum-e1601290071225.jpg\" alt=\"\" width=\"150\" height=\"220\" \/><\/a>Scum manifesto<\/strong><\/p>\n<p>Valerie Solanas &#8211; 1967<\/p>\n<p>&nbsp;<\/p>\n<p>&nbsp;<\/p>\n<p>&nbsp;<br \/>\n&nbsp;<\/p>\n<p><strong><a href=\"https:\/\/remuernotremerde.poivron.org\/uploads\/2020\/09\/200px-The_Dialectic_of_Sex_first_edition.jpg\"><img loading=\"lazy\" decoding=\"async\" class=\"alignleft wp-image-3041 size-full\" src=\"https:\/\/remuernotremerde.poivron.org\/uploads\/2020\/09\/200px-The_Dialectic_of_Sex_first_edition-e1601314960506.jpg\" alt=\"\" width=\"150\" height=\"218\" \/><\/a>The dialectic of sex<\/strong> the case for a feminist revolution<\/p>\n<p>Shulamith Firestone &#8211; 1970<\/p>\n<p>&nbsp;<\/p>\n<p>&nbsp;<\/p>\n<p>&nbsp;<br \/>\n&nbsp;<\/p>\n<p><strong><a href=\"https:\/\/remuernotremerde.poivron.org\/uploads\/2020\/09\/cote-filles.gif\"><img loading=\"lazy\" decoding=\"async\" class=\"alignleft wp-image-2981 size-full\" src=\"https:\/\/remuernotremerde.poivron.org\/uploads\/2020\/09\/cote-filles-e1601290217432.gif\" alt=\"\" width=\"150\" height=\"249\" \/><\/a>Du c\u00f4t\u00e9 des petites filles<\/strong><br \/>\nElena Gianini Belotti &#8211; 1973<\/p>\n<p>&nbsp;<\/p>\n<p>&nbsp;<\/p>\n<p>&nbsp;<\/p>\n<p>&nbsp;<br \/>\n&nbsp;<\/p>\n<p><strong><a href=\"https:\/\/remuernotremerde.poivron.org\/uploads\/2020\/09\/cause-des-femmes.jpg\"><img loading=\"lazy\" decoding=\"async\" class=\"alignleft wp-image-2982 size-full\" src=\"https:\/\/remuernotremerde.poivron.org\/uploads\/2020\/09\/cause-des-femmes-e1601290295455.jpg\" alt=\"\" width=\"150\" height=\"246\" \/><\/a>La cause des femmes<\/strong><br \/>\nGis\u00e8le Halimi &#8211; 1974<\/p>\n<p>&nbsp;<\/p>\n<p>&nbsp;<\/p>\n<p>&nbsp;<\/p>\n<p>&nbsp;<br \/>\n&nbsp;<\/p>\n<p><strong><a href=\"https:\/\/remuernotremerde.poivron.org\/uploads\/2020\/09\/nouvelles-questions-feministes.jpeg\"><img loading=\"lazy\" decoding=\"async\" class=\"alignleft wp-image-2983 size-full\" src=\"https:\/\/remuernotremerde.poivron.org\/uploads\/2020\/09\/nouvelles-questions-feministes-e1601290454723.jpeg\" alt=\"\" width=\"150\" height=\"226\" \/><\/a>Nouvelles Questions F\u00e9ministes<\/strong><br \/>\nRevue \u2013 depuis 1981<\/p>\n<p>&nbsp;<\/p>\n<p>&nbsp;<\/p>\n<p>&nbsp;<\/p>\n<p>&nbsp;<\/p>\n<p><strong><a href=\"https:\/\/remuernotremerde.poivron.org\/uploads\/2020\/09\/Hooks-Ne-suis-je-pas-une-femme-.jpg\"><img loading=\"lazy\" decoding=\"async\" class=\"alignleft wp-image-2984 size-full\" src=\"https:\/\/remuernotremerde.poivron.org\/uploads\/2020\/09\/Hooks-Ne-suis-je-pas-une-femme--e1601290518229.jpg\" alt=\"\" width=\"150\" height=\"219\" \/><\/a>Ne suis-je pas une Femme ?<\/strong><br \/>\nBell Hooks &#8211; 1981<\/p>\n<p>&nbsp;<\/p>\n<p>&nbsp;<\/p>\n<p>&nbsp;<\/p>\n<p>&nbsp;<\/p>\n<p><strong><a href=\"https:\/\/remuernotremerde.poivron.org\/uploads\/2020\/09\/femmes-race-classe.jpg\"><img loading=\"lazy\" decoding=\"async\" class=\"alignleft wp-image-2985 size-full\" src=\"https:\/\/remuernotremerde.poivron.org\/uploads\/2020\/09\/femmes-race-classe-e1601290587759.jpg\" alt=\"\" width=\"150\" height=\"205\" \/><\/a>Femmes, race et classe<\/strong><br \/>\nAngelas Davis &#8211; 1983<\/p>\n<p>&nbsp;<\/p>\n<p>&nbsp;<\/p>\n<p>&nbsp;<br \/>\n&nbsp;<\/p>\n<p><strong><a href=\"https:\/\/remuernotremerde.poivron.org\/uploads\/2020\/09\/sister-outsider.jpeg\"><img loading=\"lazy\" decoding=\"async\" class=\"alignleft wp-image-2987 size-full\" src=\"https:\/\/remuernotremerde.poivron.org\/uploads\/2020\/09\/sister-outsider-e1601290754536.jpeg\" alt=\"\" width=\"150\" height=\"225\" \/><\/a>Sisters Outsiders<\/strong><br \/>\nAudre Lorde &#8211; 1984<\/p>\n<p>&nbsp;<\/p>\n<p>&nbsp;<\/p>\n<p>&nbsp;<\/p>\n<p>&nbsp;<\/p>\n<p><strong><a href=\"https:\/\/remuernotremerde.poivron.org\/uploads\/2020\/09\/cyborg.png\"><img loading=\"lazy\" decoding=\"async\" class=\"alignleft wp-image-2988 size-full\" src=\"https:\/\/remuernotremerde.poivron.org\/uploads\/2020\/09\/cyborg-e1601290826938.png\" alt=\"\" width=\"150\" height=\"232\" \/><\/a>A Cyborg Manifesto<\/strong><br \/>\nDonna Haraway &#8211; 1984<\/p>\n<p>&nbsp;<\/p>\n<p>&nbsp;<\/p>\n<p>&nbsp;<\/p>\n<p>&nbsp;<\/p>\n<p><strong><a href=\"https:\/\/remuernotremerde.poivron.org\/uploads\/2020\/09\/contrainte-heterosexualite.gif\"><img loading=\"lazy\" decoding=\"async\" class=\"alignleft wp-image-2990 size-full\" src=\"https:\/\/remuernotremerde.poivron.org\/uploads\/2020\/09\/contrainte-heterosexualite-e1601290988329.gif\" alt=\"\" width=\"150\" height=\"224\" \/><\/a>La contrainte \u00e0 l&rsquo;h\u00e9t\u00e9rosexualit\u00e9<\/strong><br \/>\nAdrienne Rich &#8211; 1986<\/p>\n<p>&nbsp;<\/p>\n<p>&nbsp;<\/p>\n<p>&nbsp;<\/p>\n<p>&nbsp;<\/p>\n<p><strong><a href=\"https:\/\/remuernotremerde.poivron.org\/uploads\/2020\/09\/trouble-genre.jpg\"><img loading=\"lazy\" decoding=\"async\" class=\"alignleft wp-image-2991 size-full\" src=\"https:\/\/remuernotremerde.poivron.org\/uploads\/2020\/09\/trouble-genre-e1601291045865.jpg\" alt=\"\" width=\"150\" height=\"229\" \/><\/a>Trouble dans le genre. Le f\u00e9minisme et la subversion de l&rsquo;identit\u00e9<\/strong><br \/>\nJudith Butler \u2013 1990<\/p>\n<p>&nbsp;<\/p>\n<p>&nbsp;<\/p>\n<p>&nbsp;<\/p>\n<p>&nbsp;<\/p>\n<p><strong><a href=\"https:\/\/remuernotremerde.poivron.org\/uploads\/2020\/09\/anatomie-politique.jpg\"><img loading=\"lazy\" decoding=\"async\" class=\"alignleft wp-image-2992 size-full\" src=\"https:\/\/remuernotremerde.poivron.org\/uploads\/2020\/09\/anatomie-politique-e1601291113766.jpg\" alt=\"\" width=\"150\" height=\"215\" \/><\/a>l&rsquo;anatomie Politique. Cat\u00e9gorisations et id\u00e9ologies du sexe<\/strong><br \/>\nNicole Claude Mathieu &#8211; 1991<\/p>\n<p>&nbsp;<\/p>\n<p>&nbsp;<\/p>\n<p>&nbsp;<\/p>\n<p>&nbsp;<\/p>\n<p><strong><a href=\"https:\/\/remuernotremerde.poivron.org\/uploads\/2020\/09\/pensee-straight.gif\"><img loading=\"lazy\" decoding=\"async\" class=\"alignleft wp-image-2997 size-full\" src=\"https:\/\/remuernotremerde.poivron.org\/uploads\/2020\/09\/pensee-straight-e1601306810357.gif\" alt=\"\" width=\"150\" height=\"217\" \/><\/a>La pens\u00e9e straight<\/strong><br \/>\nMonique Wittig &#8211; 1992<\/p>\n<p>&nbsp;<\/p>\n<p>&nbsp;<\/p>\n<p>&nbsp;<br \/>\n&nbsp;<br \/>\n&nbsp;<\/p>\n<p><strong><a href=\"https:\/\/remuernotremerde.poivron.org\/uploads\/2020\/09\/sexe-race-pouvoir.jpg\"><img loading=\"lazy\" decoding=\"async\" class=\"alignleft wp-image-2998 size-full\" src=\"https:\/\/remuernotremerde.poivron.org\/uploads\/2020\/09\/sexe-race-pouvoir-e1601306885532.jpg\" alt=\"\" width=\"150\" height=\"193\" \/><\/a>Sexe, race, et pratique du pouvoir.<\/strong><br \/>\nColette Guillaumin &#8211; 1992<\/p>\n<p>&nbsp;<\/p>\n<p>&nbsp;<\/p>\n<p>&nbsp;<br \/>\n&nbsp;<\/p>\n<p><strong><a href=\"https:\/\/remuernotremerde.poivron.org\/uploads\/2020\/09\/monologues-vagin.jpg\"><img loading=\"lazy\" decoding=\"async\" class=\"alignleft wp-image-2999 size-full\" src=\"https:\/\/remuernotremerde.poivron.org\/uploads\/2020\/09\/monologues-vagin-e1601306966107.jpg\" alt=\"\" width=\"150\" height=\"228\" \/><\/a>Les monologues du vagin<\/strong><br \/>\nEve Ansler &#8211; 1996<\/p>\n<p>&nbsp;<\/p>\n<p>&nbsp;<\/p>\n<p>&nbsp;<br \/>\n&nbsp;<br \/>\n&nbsp;<\/p>\n<p><strong><a href=\"https:\/\/remuernotremerde.poivron.org\/uploads\/2020\/09\/ennemi-principal.jpg\"><img loading=\"lazy\" decoding=\"async\" class=\"alignleft wp-image-3000 size-full\" src=\"https:\/\/remuernotremerde.poivron.org\/uploads\/2020\/09\/ennemi-principal-e1601307043694.jpg\" alt=\"\" width=\"150\" height=\"244\" \/><\/a>L&rsquo;ennemi principal<\/strong><br \/>\nChristine Delphy &#8211; 1998<\/p>\n","protected":false},"excerpt":{"rendered":"<p>Lire des brochures c&rsquo;est bien. Mais en plus c&rsquo;est aussi tr\u00e8s important de savoir d&rsquo;o\u00f9 viennent la majorit\u00e9 des id\u00e9es qui sont d\u00e9velopp\u00e9es dans les textes propos\u00e9s sur ce site. Alors pour se faire un baguage th\u00e9orique sur le f\u00e9minisme, &hellip; <a href=\"https:\/\/remuernotremerde.poivron.org\/?page_id=1752\">Continue reading <span class=\"meta-nav\">&rarr;<\/span><\/a><\/p>\n","protected":false},"author":1,"featured_media":0,"parent":0,"menu_order":0,"comment_status":"closed","ping_status":"closed","template":"","meta":{"footnotes":""},"class_list":["post-1752","page","type-page","status-publish","hentry"],"_links":{"self":[{"href":"https:\/\/remuernotremerde.poivron.org\/index.php?rest_route=\/wp\/v2\/pages\/1752","targetHints":{"allow":["GET"]}}],"collection":[{"href":"https:\/\/remuernotremerde.poivron.org\/index.php?rest_route=\/wp\/v2\/pages"}],"about":[{"href":"https:\/\/remuernotremerde.poivron.org\/index.php?rest_route=\/wp\/v2\/types\/page"}],"author":[{"embeddable":true,"href":"https:\/\/remuernotremerde.poivron.org\/index.php?rest_route=\/wp\/v2\/users\/1"}],"replies":[{"embeddable":true,"href":"https:\/\/remuernotremerde.poivron.org\/index.php?rest_route=%2Fwp%2Fv2%2Fcomments&post=1752"}],"version-history":[{"count":24,"href":"https:\/\/remuernotremerde.poivron.org\/index.php?rest_route=\/wp\/v2\/pages\/1752\/revisions"}],"predecessor-version":[{"id":3081,"href":"https:\/\/remuernotremerde.poivron.org\/index.php?rest_route=\/wp\/v2\/pages\/1752\/revisions\/3081"}],"wp:attachment":[{"href":"https:\/\/remuernotremerde.poivron.org\/index.php?rest_route=%2Fwp%2Fv2%2Fmedia&parent=1752"}],"curies":[{"name":"wp","href":"https:\/\/api.w.org\/{rel}","templated":true}]}}